{"id":99,"date":"2018-02-27T13:08:40","date_gmt":"2018-02-27T12:08:40","guid":{"rendered":"https:\/\/polz-garten.at\/it\/?page_id=99"},"modified":"2018-02-28T12:21:28","modified_gmt":"2018-02-28T11:21:28","slug":"corpo-anima","status":"publish","type":"page","link":"https:\/\/polz-garten.at\/it\/corpo-anima\/","title":{"rendered":"Corpo &amp; Anima"},"content":{"rendered":"<p><img loading=\"lazy\" decoding=\"async\" class=\"alignnone wp-image-105 size-full\" src=\"https:\/\/polz-garten.at\/it\/wp-content\/uploads\/sites\/3\/2018\/02\/hand-2326058_960_720.jpg\" alt=\"\" width=\"960\" height=\"640\" srcset=\"https:\/\/polz-garten.at\/it\/wp-content\/uploads\/sites\/3\/2018\/02\/hand-2326058_960_720.jpg 960w, https:\/\/polz-garten.at\/it\/wp-content\/uploads\/sites\/3\/2018\/02\/hand-2326058_960_720-300x200.jpg 300w, https:\/\/polz-garten.at\/it\/wp-content\/uploads\/sites\/3\/2018\/02\/hand-2326058_960_720-768x512.jpg 768w\" sizes=\"auto, (max-width: 960px) 100vw, 960px\" \/><\/p>\n<p>SENSIBILIT\u00c0 ED IMPATTO<\/p>\n<h2>Tetralemma &amp;\u00a0 Costellazione sistemica\u00a0 familiare in seduta individuale<\/h2>\n<p><b>Consulti individuali di costellazioni familiari\u00a0<\/b><\/p>\n<p><b>Equilibrio tra sviluppo e decisioni<\/b><\/p>\n<ul>\n<li>La lemniscata come metafora per le scelte consapevoli<\/li>\n<li>La lemniscata, come simbolo dell&#8217;eternit\u00e0<\/li>\n<\/ul>\n<p>Lo stress \u00e8 quasi sempre la fonte dei nostri problemi che riscontriamo nella vita. Lo stress fa male, non siamo pi\u00f9 pienamente efficienti, sprechiamo energia, vediamo tutto in una luce oscura e questo ci fa fallire in quasi ogni situazione di vita.<\/p>\n<p><b>Costellazioni familiari in seduta individuale<\/b>\u00a0con Tetralemma. Lavorare con il\u00a0<b>Healing Code.<\/b><br \/>\n<b>Meditazione con attenzione:<\/b>\u00a0fisica spirituale nella lemniscata.<\/p>\n<p><b>Strumenti per la medicina energetica:<\/b>\u00a0Non \u00e8 niente di strano, di misterioso o esoterico, ma qualcosa di fisico.<\/p>\n<p>Il mio lavoro come\u00a0<b>business coach professionista &amp; Quantum-Entrainment<\/b><\/p>\n<p>Il mio coaching mira a trovare soluzioni perch\u00e9 ci\u00f2 \u00e8 tutto che conta.<\/p>\n<p><b>\u00a0<\/b><\/p>\n<p><b>Tetralemma\u00a0<\/b>\u00e8 uno schema molto adeguato per superare il problema del persistere nel pensiero ed \u00e8 quindi utile anche come metodo per pensare fuori dagli schemi.<\/p>\n<p>&nbsp;<\/p>\n<p><b>Costellazione sistemica familiare in seduta individuale<\/b><\/p>\n<ul>\n<li>Superamento di stress e attenzione<\/li>\n<li>Capire che cosa \u00e8 veramente importante nella propria vita<\/li>\n<li>Rendersi conto delle proprie forze e debolezze<\/li>\n<li>Riconoscere le proprie esigenze<\/li>\n<li>Il confronto con la propria rabbia e il lutto<\/li>\n<li>Gestione di crisi, supporto nel lutto<\/li>\n<li>Natura e spiritualit\u00e0<\/li>\n<li>Costellazione sistemica strutturale e organizzativa<\/li>\n<li>Fattori di stress relativi al lavoro<\/li>\n<li>Paure, segreti di famiglia<\/li>\n<li>Soluzioni<\/li>\n<\/ul>\n","protected":false},"excerpt":{"rendered":"<p>SENSIBILIT\u00c0 ED IMPATTO Tetralemma &amp;\u00a0 Costellazione sistemica\u00a0 familiare in seduta individuale Consulti individuali di costellazioni familiari\u00a0 Equilibrio tra sviluppo e decisioni La lemniscata come metafora per le scelte consapevoli La lemniscata, come simbolo dell&#8217;eternit\u00e0 Lo stress \u00e8 quasi sempre la fonte dei nostri problemi che riscontriamo nella vita. Lo stress fa male, non siamo pi\u00f9 [&hellip;]<\/p>\n","protected":false},"author":1,"featured_media":0,"parent":0,"menu_order":0,"comment_status":"closed","ping_status":"closed","template":"","meta":{"_acf_changed":false,"footnotes":""},"class_list":["post-99","page","type-page","status-publish","hentry"],"acf":[],"_links":{"self":[{"href":"https:\/\/polz-garten.at\/it\/wp-json\/wp\/v2\/pages\/99","targetHints":{"allow":["GET"]}}],"collection":[{"href":"https:\/\/polz-garten.at\/it\/wp-json\/wp\/v2\/pages"}],"about":[{"href":"https:\/\/polz-garten.at\/it\/wp-json\/wp\/v2\/types\/page"}],"author":[{"embeddable":true,"href":"https:\/\/polz-garten.at\/it\/wp-json\/wp\/v2\/users\/1"}],"replies":[{"embeddable":true,"href":"https:\/\/polz-garten.at\/it\/wp-json\/wp\/v2\/comments?post=99"}],"version-history":[{"count":3,"href":"https:\/\/polz-garten.at\/it\/wp-json\/wp\/v2\/pages\/99\/revisions"}],"predecessor-version":[{"id":106,"href":"https:\/\/polz-garten.at\/it\/wp-json\/wp\/v2\/pages\/99\/revisions\/106"}],"wp:attachment":[{"href":"https:\/\/polz-garten.at\/it\/wp-json\/wp\/v2\/media?parent=99"}],"curies":[{"name":"wp","href":"https:\/\/api.w.org\/{rel}","templated":true}]}}