{"id":9,"date":"2018-01-16T11:08:09","date_gmt":"2018-01-16T10:08:09","guid":{"rendered":"https:\/\/polz-garten.at\/fr\/?page_id=9"},"modified":"2018-09-21T15:22:05","modified_gmt":"2018-09-21T13:22:05","slug":"visites-guidees-terroir-aromes","status":"publish","type":"page","link":"https:\/\/polz-garten.at\/fr\/visites-guidees-terroir-aromes\/","title":{"rendered":"Visites Guid\u00e9es Terroir Ar\u00f4mes"},"content":{"rendered":"<p>&nbsp;<\/p>\n<h2>La Magie de S\u00fcdsteiermark<\/h2>\n<figure id=\"attachment_166\" aria-describedby=\"caption-attachment-166\" style=\"width: 980px\" class=\"wp-caption alignnone\"><img loading=\"lazy\" decoding=\"async\" class=\"wp-image-166 size-large\" src=\"https:\/\/polz-garten.at\/fr\/wp-content\/uploads\/sites\/4\/2018\/09\/KB_Polz18_6189-1024x683.jpg\" alt=\"Jardin South Styria Garden Polz Austria\" width=\"980\" height=\"654\" srcset=\"https:\/\/polz-garten.at\/fr\/wp-content\/uploads\/sites\/4\/2018\/09\/KB_Polz18_6189-1024x683.jpg 1024w, https:\/\/polz-garten.at\/fr\/wp-content\/uploads\/sites\/4\/2018\/09\/KB_Polz18_6189-300x200.jpg 300w, https:\/\/polz-garten.at\/fr\/wp-content\/uploads\/sites\/4\/2018\/09\/KB_Polz18_6189-768x512.jpg 768w, https:\/\/polz-garten.at\/fr\/wp-content\/uploads\/sites\/4\/2018\/09\/KB_Polz18_6189-335x223.jpg 335w, https:\/\/polz-garten.at\/fr\/wp-content\/uploads\/sites\/4\/2018\/09\/KB_Polz18_6189.jpg 1600w\" sizes=\"auto, (max-width: 980px) 100vw, 980px\" \/><figcaption id=\"caption-attachment-166\" class=\"wp-caption-text\">Jardin South Styria Garden Polz Austria<\/figcaption><\/figure>\n<h3>Vue \u2013 ou\u00efe \u2013 odorat \u2013 go\u00fbt \u2013 toucher<\/h3>\n<p>AVEC RENATE POLZ<\/p>\n<p><b>Unit\u00e9 : env. 90 min.<\/b><\/p>\n<p>&nbsp;<\/p>\n<p>Les visites guid\u00e9es terroir durent env.\u00a090\u00a0min. (sur rendez-vous et par tous les temps, du mois d\u2019avril jusqu\u2019au Novembre 2018).<\/p>\n<p>Nouveaut\u00e9\u00a0: L\u2019ancienne cave vout\u00e9e a \u00e9t\u00e9 r\u00e9nov\u00e9e et con\u00e7ue comme petite \u00e9picerie du jardin o\u00f9 vous pourrez prendre tout votre temps pour d\u00e9guster les produits du jardin. Visite guid\u00e9e jardin et d\u00e9gustation env.\u00a090 minutes.<\/p>\n<p>Les groupes de plus de 25 personnes seront divis\u00e9s :<\/p>\n<p>Programme\u00a0: Visite guid\u00e9e jardin 60 min. \u2013 entretemps la seconde partie du groupe d\u00e9guste 2 ou 3 vins \u00e0 la cave + visite guid\u00e9e de la cave\u00a0: 60\u00a0min.<\/p>\n<p>Apr\u00e8s, la visite reprend pour la seconde partie : dur\u00e9e totale env. 150\u00a0minutes.<\/p>\n<p>&nbsp;<\/p>\n<p><a href=\"https:\/\/polz-garten.at\/fr\/visites-guidees-terroir-aromes\/prix-dentree\/\"><span class=\"cta-btn\">PRIX D\u2019ENTR\u00c9E<\/span><\/a><\/p>\n<h2><span class=\"section-title\">Visites Guid\u00e9es Terroir<\/span><\/h2>\n<ul>\n<li>Une exp\u00e9rience unique vous attend, exp\u00e9rience qui touchera tous vos sens. Laissez-vous charmer par la Styrie du Sud et son atmosph\u00e8re unique.<\/li>\n<li>Les passages enchev\u00eatr\u00e9s du jardin nous emportent dans un voyage des sens, vers les couches les plus profondes de ce paysage magique. Au centre de ce jardin merveilleux, on vous fera aussi d\u00e9guster un choix de vins de la maison.<\/li>\n<li>Venez voir l\u2019opulence de la nature en Styrie du Sud\u00a0: couleurs, odeurs, saveurs et maintes autres richesses sensuelles. La diversit\u00e9 de la flore et de la faune vous comblera de son charme.<\/li>\n<li>Arbres, arbustes et fleurs\u00a0: les vari\u00e9t\u00e9s de roses anciennes\u00a0; l\u2019odeur de la lavande\u00a0; narcisses, tulipes, pivoines\u00a0; tournesols, dahlia, zinnia\u00a0; les fruits du verger\u00a0: pommes, poires et quetches.<\/li>\n<li>Erable rouge et cypr\u00e8s bordant les vignes, ceps et raisins\u00a0; fleurir et fl\u00e9trir, cro\u00eetre et faner, opulence et r\u00e9colte, aller et venir \u2013 voil\u00e0 le circuit des saisons et de la nature.<\/li>\n<li>Les couleurs fra\u00eeches du printemps, la chaleur lourde d\u2019\u00e9t\u00e9, les feuilles de vigne color\u00e9es en automne. Soleil et pluie, calme et temp\u00eate\u00a0; la fra\u00eecheur du vent. Le bourdonnement des abeilles, le murmure des fontaines.<\/li>\n<\/ul>\n<p><a href=\"https:\/\/polz-garten.at\/fr\/visites-guidees-terroir-aromes\/reservation-demande-dinfo\/\"><span class=\"cta-btn\">INFO ET R\u00c9SERVATION<\/span><\/a><\/p>\n<p>&nbsp;<\/p>\n<p>S\u00fcdsteiermark Garten\u00ae \u00a0et Renate Polz Garten\u00ae \u00a0sont des marques d\u00e9pos\u00e9es et prot\u00e9g\u00e9es par la loi (Patentamt)<\/p>\n","protected":false},"excerpt":{"rendered":"<p>&nbsp; La Magie de S\u00fcdsteiermark Vue \u2013 ou\u00efe \u2013 odorat \u2013 go\u00fbt \u2013 toucher AVEC RENATE POLZ Unit\u00e9 : env. 90 min. &nbsp; Les visites guid\u00e9es terroir durent env.\u00a090\u00a0min. (sur rendez-vous et par tous les temps, du mois d\u2019avril jusqu\u2019au Novembre 2018). Nouveaut\u00e9\u00a0: L\u2019ancienne cave vout\u00e9e a \u00e9t\u00e9 r\u00e9nov\u00e9e et con\u00e7ue comme petite \u00e9picerie du [&hellip;]<\/p>\n","protected":false},"author":1,"featured_media":0,"parent":0,"menu_order":0,"comment_status":"closed","ping_status":"closed","template":"","meta":{"_acf_changed":false,"footnotes":""},"class_list":["post-9","page","type-page","status-publish","hentry"],"acf":[],"_links":{"self":[{"href":"https:\/\/polz-garten.at\/fr\/wp-json\/wp\/v2\/pages\/9","targetHints":{"allow":["GET"]}}],"collection":[{"href":"https:\/\/polz-garten.at\/fr\/wp-json\/wp\/v2\/pages"}],"about":[{"href":"https:\/\/polz-garten.at\/fr\/wp-json\/wp\/v2\/types\/page"}],"author":[{"embeddable":true,"href":"https:\/\/polz-garten.at\/fr\/wp-json\/wp\/v2\/users\/1"}],"replies":[{"embeddable":true,"href":"https:\/\/polz-garten.at\/fr\/wp-json\/wp\/v2\/comments?post=9"}],"version-history":[{"count":11,"href":"https:\/\/polz-garten.at\/fr\/wp-json\/wp\/v2\/pages\/9\/revisions"}],"predecessor-version":[{"id":168,"href":"https:\/\/polz-garten.at\/fr\/wp-json\/wp\/v2\/pages\/9\/revisions\/168"}],"wp:attachment":[{"href":"https:\/\/polz-garten.at\/fr\/wp-json\/wp\/v2\/media?parent=9"}],"curies":[{"name":"wp","href":"https:\/\/api.w.org\/{rel}","templated":true}]}}