{"id":52,"date":"2018-01-16T11:49:50","date_gmt":"2018-01-16T10:49:50","guid":{"rendered":"https:\/\/polz-garten.at\/fr\/?page_id=52"},"modified":"2019-03-22T09:55:49","modified_gmt":"2019-03-22T08:55:49","slug":"contact","status":"publish","type":"page","link":"https:\/\/polz-garten.at\/fr\/contact\/","title":{"rendered":"Contact"},"content":{"rendered":"<div>\n<figure id=\"attachment_116\" aria-describedby=\"caption-attachment-116\" style=\"width: 980px\" class=\"wp-caption alignnone\"><img loading=\"lazy\" decoding=\"async\" class=\"wp-image-116 size-large\" src=\"https:\/\/polz-garten.at\/fr\/wp-content\/uploads\/sites\/4\/2018\/02\/Karte18-1024x507.jpg\" alt=\"Renate Polz en Autriche Jardin Styrie S\u00fcdsteiermark L'\u00e2me d'une mission\" width=\"980\" height=\"485\" srcset=\"https:\/\/polz-garten.at\/fr\/wp-content\/uploads\/sites\/4\/2018\/02\/Karte18-1024x507.jpg 1024w, https:\/\/polz-garten.at\/fr\/wp-content\/uploads\/sites\/4\/2018\/02\/Karte18-300x148.jpg 300w, https:\/\/polz-garten.at\/fr\/wp-content\/uploads\/sites\/4\/2018\/02\/Karte18-768x380.jpg 768w\" sizes=\"auto, (max-width: 980px) 100vw, 980px\" \/><figcaption id=\"caption-attachment-116\" class=\"wp-caption-text\">Renate Polz en Autriche Jardin Styrie S\u00fcdsteiermark L&rsquo;\u00e2me d&rsquo;une mission<\/figcaption><\/figure>\n<h2>Renate Polz<\/h2>\n<p>Hochgra\u00dfnitzberg 8<\/p>\n<p>8472 Gra\u00dfnitzberg<br \/>\nT\u00e9l\u00e9phone: +43 664 88657083<\/p>\n<p><a href=\"mailto:renate@polz-garten.at\">renate@polz-garten.at<\/a><br \/>\n<a href=\"https:\/\/polz-garten.at\/\">polz-garten.at<\/a><\/p>\n<\/div>\n<h4><\/h4>\n<h4>Les coordonn\u00e9es<\/h4>\n<p>DMS Format : N 46\u00b0 40&prime; 55\u00a0\u00bb \/ E 15\u00b0 37&prime; 23\u00a0\u00bb<\/p>\n<p>Deg Format : N 46.6820801 \/ E 15.6229538<\/p>\n<p>&nbsp;<\/p>\n<p>&nbsp;<\/p>\n","protected":false},"excerpt":{"rendered":"<p>Renate Polz Hochgra\u00dfnitzberg 8 8472 Gra\u00dfnitzberg T\u00e9l\u00e9phone: +43 664 88657083 renate@polz-garten.at polz-garten.at Les coordonn\u00e9es DMS Format : N 46\u00b0 40&prime; 55\u00a0\u00bb \/ E 15\u00b0 37&prime; 23\u00a0\u00bb Deg Format : N 46.6820801 \/ E 15.6229538 &nbsp; &nbsp;<\/p>\n","protected":false},"author":1,"featured_media":0,"parent":0,"menu_order":0,"comment_status":"closed","ping_status":"closed","template":"","meta":{"_acf_changed":false,"footnotes":""},"class_list":["post-52","page","type-page","status-publish","hentry"],"acf":[],"_links":{"self":[{"href":"https:\/\/polz-garten.at\/fr\/wp-json\/wp\/v2\/pages\/52","targetHints":{"allow":["GET"]}}],"collection":[{"href":"https:\/\/polz-garten.at\/fr\/wp-json\/wp\/v2\/pages"}],"about":[{"href":"https:\/\/polz-garten.at\/fr\/wp-json\/wp\/v2\/types\/page"}],"author":[{"embeddable":true,"href":"https:\/\/polz-garten.at\/fr\/wp-json\/wp\/v2\/users\/1"}],"replies":[{"embeddable":true,"href":"https:\/\/polz-garten.at\/fr\/wp-json\/wp\/v2\/comments?post=52"}],"version-history":[{"count":4,"href":"https:\/\/polz-garten.at\/fr\/wp-json\/wp\/v2\/pages\/52\/revisions"}],"predecessor-version":[{"id":187,"href":"https:\/\/polz-garten.at\/fr\/wp-json\/wp\/v2\/pages\/52\/revisions\/187"}],"wp:attachment":[{"href":"https:\/\/polz-garten.at\/fr\/wp-json\/wp\/v2\/media?parent=52"}],"curies":[{"name":"wp","href":"https:\/\/api.w.org\/{rel}","templated":true}]}}