{"id":5,"date":"2018-01-16T11:05:01","date_gmt":"2018-01-16T10:05:01","guid":{"rendered":"https:\/\/polz-garten.at\/fr\/?page_id=5"},"modified":"2020-06-16T14:16:53","modified_gmt":"2020-06-16T12:16:53","slug":"bienvenue-au-jardin-polz-garten-suedsteiermark","status":"publish","type":"page","link":"https:\/\/polz-garten.at\/fr\/","title":{"rendered":"Bienvenue Au Jardin Polz Garten S\u00fcdsteiermark\u00ae"},"content":{"rendered":"<p style=\"text-align: center\">D\u00e9couvrez un moment de joie de vivre, l\u2019odeur des plantes fleuries et herbac\u00e9es, le charme unique de la vigne et un panorama inou\u00ef avec vue sur les collines environnantes, sur les pr\u00e9s et les bois tout autour. Ce sera un plaisir pour moi de vous montrer cet espace idyllique, \u00e0 la fois clos et ouvert au monde, de vous guider \u00e0 travers un jardin sans \u00e9gal que j\u2019ai cultiv\u00e9 pendant des ann\u00e9es et qui gr\u00e2ce \u00e0 mon affection, \u00e0 ma force et \u00e0 mon exp\u00e9rience est devenu un v\u00e9ritable joyau de la nature. Vous y d\u00e9gusterez le vin produit aux alentours et vous d\u00e9couvrirez la culture vigneronne d\u2019origine et de passion, par tous vos sens.<\/p>\n<p style=\"text-align: center\"><b>Visites guid\u00e9es sur rendez-vous. \u2028Les visites se tiendront quel que soit le temps.\u2028<\/b><\/p>\n<p style=\"text-align: center\">&nbsp;<a href=\"tel:0664%2088%2065%2070%2083\"><b>+43 (0)664 88 65 70 83<\/b><\/a><\/p>\n<p style=\"text-align: center\"><a href=\"mailto:renate@polz-garten.at\"><b>renate@polz-garten.at<\/b><\/a><\/p>\n<h2 style=\"text-align: center\"><span class=\"section-title\">Suivez-moi sur Instagram<\/span><\/h2>\n<p>&nbsp;<\/p>\n<p>&nbsp;<\/p>\n","protected":false},"excerpt":{"rendered":"<p>D\u00e9couvrez un moment de joie de vivre, l\u2019odeur des plantes fleuries et herbac\u00e9es, le charme unique de la vigne et un panorama inou\u00ef avec vue sur les collines environnantes, sur les pr\u00e9s et les bois tout autour. Ce sera un plaisir pour moi de vous montrer cet espace idyllique, \u00e0 la fois clos et ouvert [&hellip;]<\/p>\n","protected":false},"author":1,"featured_media":0,"parent":0,"menu_order":0,"comment_status":"closed","ping_status":"closed","template":"template-homepage.php","meta":{"_acf_changed":false,"footnotes":""},"class_list":["post-5","page","type-page","status-publish","hentry"],"acf":[],"_links":{"self":[{"href":"https:\/\/polz-garten.at\/fr\/wp-json\/wp\/v2\/pages\/5","targetHints":{"allow":["GET"]}}],"collection":[{"href":"https:\/\/polz-garten.at\/fr\/wp-json\/wp\/v2\/pages"}],"about":[{"href":"https:\/\/polz-garten.at\/fr\/wp-json\/wp\/v2\/types\/page"}],"author":[{"embeddable":true,"href":"https:\/\/polz-garten.at\/fr\/wp-json\/wp\/v2\/users\/1"}],"replies":[{"embeddable":true,"href":"https:\/\/polz-garten.at\/fr\/wp-json\/wp\/v2\/comments?post=5"}],"version-history":[{"count":34,"href":"https:\/\/polz-garten.at\/fr\/wp-json\/wp\/v2\/pages\/5\/revisions"}],"predecessor-version":[{"id":197,"href":"https:\/\/polz-garten.at\/fr\/wp-json\/wp\/v2\/pages\/5\/revisions\/197"}],"wp:attachment":[{"href":"https:\/\/polz-garten.at\/fr\/wp-json\/wp\/v2\/media?parent=5"}],"curies":[{"name":"wp","href":"https:\/\/api.w.org\/{rel}","templated":true}]}}