{"id":33,"date":"2018-01-16T11:42:36","date_gmt":"2018-01-16T10:42:36","guid":{"rendered":"https:\/\/polz-garten.at\/fr\/?page_id=33"},"modified":"2019-03-22T09:49:37","modified_gmt":"2019-03-22T08:49:37","slug":"reservation-demande-dinfo","status":"publish","type":"page","link":"https:\/\/polz-garten.at\/fr\/visites-guidees-terroir-aromes\/reservation-demande-dinfo\/","title":{"rendered":"R\u00e9servation \/ Demande d\u2019info"},"content":{"rendered":"<h2><\/h2>\n<figure id=\"attachment_154\" aria-describedby=\"caption-attachment-154\" style=\"width: 980px\" class=\"wp-caption alignnone\"><img loading=\"lazy\" decoding=\"async\" class=\"wp-image-154 size-large\" src=\"https:\/\/polz-garten.at\/fr\/wp-content\/uploads\/sites\/4\/2018\/05\/KB_Polz18_1972-1024x683.jpg\" alt=\"Jardin Autriche Styrie Styrie m\u00e9ridionale Polz Jardin Hochgrassnitzberg\" width=\"980\" height=\"654\" srcset=\"https:\/\/polz-garten.at\/fr\/wp-content\/uploads\/sites\/4\/2018\/05\/KB_Polz18_1972-1024x683.jpg 1024w, https:\/\/polz-garten.at\/fr\/wp-content\/uploads\/sites\/4\/2018\/05\/KB_Polz18_1972-300x200.jpg 300w, https:\/\/polz-garten.at\/fr\/wp-content\/uploads\/sites\/4\/2018\/05\/KB_Polz18_1972-768x512.jpg 768w, https:\/\/polz-garten.at\/fr\/wp-content\/uploads\/sites\/4\/2018\/05\/KB_Polz18_1972-335x223.jpg 335w, https:\/\/polz-garten.at\/fr\/wp-content\/uploads\/sites\/4\/2018\/05\/KB_Polz18_1972.jpg 1200w\" sizes=\"auto, (max-width: 980px) 100vw, 980px\" \/><figcaption id=\"caption-attachment-154\" class=\"wp-caption-text\">Jardin Autriche Styrie Styrie m\u00e9ridionale Polz Jardin Hochgrassnitzberg<\/figcaption><\/figure>\n<h3><\/h3>\n<h3>Vous voulez de plus amples informations ou r\u00e9server une visite ?<\/h3>\n<p>Merci de nous t\u00e9l\u00e9phoner au<br \/>\n+43 664 88657083<\/p>\n<p>&nbsp;<\/p>\n<h2>R\u00e9servation \/ Info<\/h2>\n<p>[gravityform id=\u00a0\u00bb1&Prime; title=\u00a0\u00bbfalse\u00a0\u00bb description=\u00a0\u00bbfalse\u00a0\u00bb]<\/p>\n","protected":false},"excerpt":{"rendered":"<p>Vous voulez de plus amples informations ou r\u00e9server une visite ? Merci de nous t\u00e9l\u00e9phoner au +43 664 88657083 &nbsp; R\u00e9servation \/ Info [gravityform id=\u00a0\u00bb1&Prime; title=\u00a0\u00bbfalse\u00a0\u00bb description=\u00a0\u00bbfalse\u00a0\u00bb]<\/p>\n","protected":false},"author":1,"featured_media":0,"parent":9,"menu_order":0,"comment_status":"closed","ping_status":"closed","template":"","meta":{"_acf_changed":false,"footnotes":""},"class_list":["post-33","page","type-page","status-publish","hentry"],"acf":[],"_links":{"self":[{"href":"https:\/\/polz-garten.at\/fr\/wp-json\/wp\/v2\/pages\/33","targetHints":{"allow":["GET"]}}],"collection":[{"href":"https:\/\/polz-garten.at\/fr\/wp-json\/wp\/v2\/pages"}],"about":[{"href":"https:\/\/polz-garten.at\/fr\/wp-json\/wp\/v2\/types\/page"}],"author":[{"embeddable":true,"href":"https:\/\/polz-garten.at\/fr\/wp-json\/wp\/v2\/users\/1"}],"replies":[{"embeddable":true,"href":"https:\/\/polz-garten.at\/fr\/wp-json\/wp\/v2\/comments?post=33"}],"version-history":[{"count":3,"href":"https:\/\/polz-garten.at\/fr\/wp-json\/wp\/v2\/pages\/33\/revisions"}],"predecessor-version":[{"id":183,"href":"https:\/\/polz-garten.at\/fr\/wp-json\/wp\/v2\/pages\/33\/revisions\/183"}],"up":[{"embeddable":true,"href":"https:\/\/polz-garten.at\/fr\/wp-json\/wp\/v2\/pages\/9"}],"wp:attachment":[{"href":"https:\/\/polz-garten.at\/fr\/wp-json\/wp\/v2\/media?parent=33"}],"curies":[{"name":"wp","href":"https:\/\/api.w.org\/{rel}","templated":true}]}}