{"id":22,"date":"2018-01-16T11:29:20","date_gmt":"2018-01-16T10:29:20","guid":{"rendered":"https:\/\/polz-garten.at\/fr\/?page_id=22"},"modified":"2020-06-16T14:42:13","modified_gmt":"2020-06-16T12:42:13","slug":"le-jardin","status":"publish","type":"page","link":"https:\/\/polz-garten.at\/fr\/le-jardin\/","title":{"rendered":"Le Jardin"},"content":{"rendered":"\n<div class=\"wp-block-group\"><div class=\"wp-block-group__inner-container is-layout-flow wp-block-group-is-layout-flow\">\n<h2>\u00ab\u00a0Horticulture Unique Au C\u0153ur De La Vigne\u00a0\u00bb<\/h2>\n<p>La nature avec toutes ses couleurs rayonnantes \u00e0 perte de vue. La flore trahit ses secrets \u00e0 tous ceux qui aiment ses tr\u00e9sors.<\/p>\n<p>Un ensemble synerg\u00e9tique sur 4 niveaux, encadr\u00e9s par les murailles des sites viticoles Hochgrassnitzberg, Obegg et Grassnitzberg.<\/p>\n<p>Je vous ferai d\u00e9couvrir ce petit paradis et vous raconterai tout sur la symbiose entre paysage, nature, terroir et passion qui se r\u00e9alise ici.<\/p>\n<p>De plus, vous d\u00e9gusterez les grands crus de S\u00fcdsteiermark dont les ar\u00f4mes extraordinaires viennent compl\u00e9ter la diversit\u00e9 botanique de mon jardin. Le tout s\u2019articulant autour les \u00e9l\u00e9ments terre-m\u00e8re, vin et hommes en harmonie.<\/p>\n<p>Le mot \u00ab\u00a0terroir\u00a0\u00bb \u00e9voque tant d\u2019interpr\u00e9tations. Je vous raconterai tout sur ma propre id\u00e9e du terroir et ma fa\u00e7on de l\u2019interpr\u00e9ter.<\/p>\n<p>Par amour pour la nature, le nombre de personnes par visite est limit\u00e9 \u00e0 20 (les grands groupes seront divis\u00e9s). En prenant rendez-vous, vous aurez d\u00e9j\u00e0 fait le premier pas dans mon jardin\u2026<\/p>\n<p>Je vous invite \u00e0 vous perdre dans l\u2019univers de la nature et des ar\u00f4mes, \u00e0 vous d\u00e9tendre et \u00e0 oublier le reste pour un petit moment pr\u00e9cieux.<\/p>\n<p>Pr\u00e9venez-moi d\u00e8s aujourd\u2019hui de votre visite au jardin du terroir en Styrie du Sud.<\/p>\n<p>A tr\u00e8s bient\u00f4t,<br \/>Renate Polz<\/p>\n<\/div><\/div>\n\n\n\n<figure class=\"wp-block-image size-large is-resized is-style-default\"><img loading=\"lazy\" decoding=\"async\" src=\"https:\/\/polz-garten.at\/fr\/wp-content\/uploads\/sites\/4\/2018\/01\/vignoble-et-culture-jardin-1024x438.jpg\" alt=\"Vignoble et culture jardin\" class=\"wp-image-23\" width=\"1164\" height=\"498\" srcset=\"https:\/\/polz-garten.at\/fr\/wp-content\/uploads\/sites\/4\/2018\/01\/vignoble-et-culture-jardin-1024x438.jpg 1024w, https:\/\/polz-garten.at\/fr\/wp-content\/uploads\/sites\/4\/2018\/01\/vignoble-et-culture-jardin-300x128.jpg 300w, https:\/\/polz-garten.at\/fr\/wp-content\/uploads\/sites\/4\/2018\/01\/vignoble-et-culture-jardin-768x328.jpg 768w, https:\/\/polz-garten.at\/fr\/wp-content\/uploads\/sites\/4\/2018\/01\/vignoble-et-culture-jardin.jpg 1170w\" sizes=\"auto, (max-width: 1164px) 100vw, 1164px\" \/><figcaption>Polz Garten by Renate Polz @oder auch S\u00fcdsteiermark Garten Polz Patenamt Kl.16 Steiermark Garten Steirische Toskana Gartenhochzeit Bioblumen Therapiegarten Naturcoaching Umweltschutz Greenwedding gardenwedding austrianwedding freie trauung vineyardwedding Biogarten Gartenkultur &amp; Weinkultur Quantenwirtschaft Energetik<\/figcaption><\/figure>\n","protected":false},"excerpt":{"rendered":"<p>\u00ab\u00a0Horticulture Unique Au C\u0153ur De La Vigne\u00a0\u00bb La nature avec toutes ses couleurs rayonnantes \u00e0 perte de vue. La flore trahit ses secrets \u00e0 tous ceux qui aiment ses tr\u00e9sors. Un ensemble synerg\u00e9tique sur 4 niveaux, encadr\u00e9s par les murailles des sites viticoles Hochgrassnitzberg, Obegg et Grassnitzberg. Je vous ferai d\u00e9couvrir ce petit paradis et [&hellip;]<\/p>\n","protected":false},"author":1,"featured_media":0,"parent":0,"menu_order":0,"comment_status":"closed","ping_status":"closed","template":"","meta":{"_acf_changed":false,"footnotes":""},"class_list":["post-22","page","type-page","status-publish","hentry"],"acf":[],"_links":{"self":[{"href":"https:\/\/polz-garten.at\/fr\/wp-json\/wp\/v2\/pages\/22","targetHints":{"allow":["GET"]}}],"collection":[{"href":"https:\/\/polz-garten.at\/fr\/wp-json\/wp\/v2\/pages"}],"about":[{"href":"https:\/\/polz-garten.at\/fr\/wp-json\/wp\/v2\/types\/page"}],"author":[{"embeddable":true,"href":"https:\/\/polz-garten.at\/fr\/wp-json\/wp\/v2\/users\/1"}],"replies":[{"embeddable":true,"href":"https:\/\/polz-garten.at\/fr\/wp-json\/wp\/v2\/comments?post=22"}],"version-history":[{"count":15,"href":"https:\/\/polz-garten.at\/fr\/wp-json\/wp\/v2\/pages\/22\/revisions"}],"predecessor-version":[{"id":221,"href":"https:\/\/polz-garten.at\/fr\/wp-json\/wp\/v2\/pages\/22\/revisions\/221"}],"wp:attachment":[{"href":"https:\/\/polz-garten.at\/fr\/wp-json\/wp\/v2\/media?parent=22"}],"curies":[{"name":"wp","href":"https:\/\/api.w.org\/{rel}","templated":true}]}}