{"id":13,"date":"2018-01-16T11:15:46","date_gmt":"2018-01-16T10:15:46","guid":{"rendered":"https:\/\/polz-garten.at\/fr\/?page_id=13"},"modified":"2020-06-16T14:25:49","modified_gmt":"2020-06-16T12:25:49","slug":"prix-dentree","status":"publish","type":"page","link":"https:\/\/polz-garten.at\/fr\/visites-guidees-terroir-aromes\/prix-dentree\/","title":{"rendered":"Prix d\u2019entr\u00e9e"},"content":{"rendered":"<figure id=\"attachment_14\" aria-describedby=\"caption-attachment-14\" style=\"width: 1170px\" class=\"wp-caption alignnone\"><img loading=\"lazy\" decoding=\"async\" class=\"wp-image-14 size-full\" src=\"https:\/\/polz-garten.at\/fr\/wp-content\/uploads\/sites\/4\/2018\/01\/visites-guidees-jardin.jpg\" alt=\"Jardin Autriche Styrie Styrie m\u00e9ridionale Polz Jardin Hochgrassnitzberg\" width=\"1170\" height=\"500\" srcset=\"https:\/\/polz-garten.at\/fr\/wp-content\/uploads\/sites\/4\/2018\/01\/visites-guidees-jardin.jpg 1170w, https:\/\/polz-garten.at\/fr\/wp-content\/uploads\/sites\/4\/2018\/01\/visites-guidees-jardin-300x128.jpg 300w, https:\/\/polz-garten.at\/fr\/wp-content\/uploads\/sites\/4\/2018\/01\/visites-guidees-jardin-768x328.jpg 768w, https:\/\/polz-garten.at\/fr\/wp-content\/uploads\/sites\/4\/2018\/01\/visites-guidees-jardin-1024x438.jpg 1024w\" sizes=\"auto, (max-width: 1170px) 100vw, 1170px\" \/><figcaption id=\"caption-attachment-14\" class=\"wp-caption-text\">Jardin Autriche Styrie Styrie m\u00e9ridionale Polz Jardin Hochgrassnitzberg<\/figcaption><\/figure>\n<h2>La saison des jardins : avril &#8211; octobre<\/h2>\n<h4>Visit\u00e9s guid\u00e9es jardin, terroir, ar\u00f4mes<\/h4>\n<p>Les visites guid\u00e9es du jardin \u00e9nerg\u00e9tique m\u00e9diterran\u00e9en au c\u0153ur de la vigne durent env.\u00a090\u00a0minutes, et plus longtemps sur demande.<\/p>\n<p>Epicerie du jardin, d\u00e9gustation des produits (visite du jardin + \u00e9picerie env. 90 minutes au total).<\/p>\n<p><b>Visites sp\u00e9ciales possibles sur demande<\/b><\/p>\n<h2><\/h2>\n<h2><span class=\"section-title\">Prix d\u2019entr\u00e9e<\/span><\/h2>\n<p>VISITES TERROIR : \u00e0 partir de 10 personnes : <b>20 euros\/personne<\/b><br \/>\n<b>Dur\u00e9e : 90 minutes (sans d\u00e9gustation cru class\u00e9)<\/b><\/p>\n<h2><span class=\"section-title\">Visite guid\u00e9e en groupe<\/span><\/h2>\n<p>Visite guid\u00e9e en groupe\u00a0:\u00a0<b>11-20 personnes <\/b>avec d\u00e9gustation grand cru class\u00e9\u00a0<b>25 euros\/personne<\/b><\/p>\n<p>Dur\u00e9e 90 min. (avec d\u00e9gustation cru class\u00e9)<\/p>\n<p>Visite guid\u00e9e en groupe : 20-45<b>\u00a0personnes<\/b><br \/>\nGroupes divis\u00e9s avec visite de la cave et d\u00e9gustation<br \/>\nDur\u00e9e : env. 150 min.<br \/>\nPrix d\u2019entr\u00e9e\u00a0<b>18 euros\/personne<\/b><\/p>\n<p>Cars : Dur\u00e9e env. 150 min. en groupe divis\u00e9 plus d\u00e9gustation<\/p>\n<p>El\u00e8ves &amp; \u00e9tudiants en groupe\u00a0: prix sp\u00e9cial d\u2019entr\u00e9e\u00a0<b>15 euros\/personne<\/b><\/p>\n<h2><span class=\"section-title\">Visite sp\u00e9ciale<\/span><\/h2>\n<ul>\n<li>Visite sp\u00e9ciale\u00a0avec d\u00e9gustation grands crus class\u00e9s de la maison sur demande.<\/li>\n<li>D\u00e9gustation de bruts m\u00e9thode traditionnelle sur demande.<\/li>\n<li>Shooting de mode vigne et jardin sur demande.<\/li>\n<li>Shooting de mariage sur demande.<\/li>\n<\/ul>\n<h2><span class=\"section-title\">Droits d\u2019images<\/span><\/h2>\n<p>La prise de photos ou de films dans le S\u00fcdsteiermark Garten\u00ae n\u2019est permise qu\u2019au niveau 4. Pour toute prise de photos ou de films \u00e0 des fins non exclusivement priv\u00e9es s\u2019adresser \u00e0 la direction pour obtenir la permission.<\/p>\n<p>Utilisation commerciale et droits d\u2019images\u00a0: prises de photos \u00e0 des fins commerciales en session unique, prises de photos mariage, nature et shootings de mode sur demande.<\/p>\n<h3 data-placeholder=\"\u00dcbersetzung\"><\/h3>\n<h2 id=\"tw-target-text\" class=\"tw-data-text tw-ta tw-text-large\" data-placeholder=\"\u00dcbersetzung\"><span class=\"section-title\" lang=\"fr\">Paiement<\/span><\/h2>\n<ul>\n<li>Cartes accept\u00e9es : SIX Payment Services<\/li>\n<li>Cartes de cr\u00e9dit VISA (cartes priv\u00e9es de l\u2019espace Sepa) Disagio Visa et Mastercard<\/li>\n<li>Disagio VPay et Maestro, JCB, Union Pay, American Express et Diners Club.<\/li>\n<\/ul>\n<p><span class=\"cta-btn\"><a href=\"https:\/\/polz-garten.at\/fr\/jardins\/demande-d%E2%80%99info\/reservation\/\">PRENDRE RENDEZ-VOUS<\/a><\/span><\/p>\n","protected":false},"excerpt":{"rendered":"<p>La saison des jardins : avril &#8211; octobre Visit\u00e9s guid\u00e9es jardin, terroir, ar\u00f4mes Les visites guid\u00e9es du jardin \u00e9nerg\u00e9tique m\u00e9diterran\u00e9en au c\u0153ur de la vigne durent env.\u00a090\u00a0minutes, et plus longtemps sur demande. Epicerie du jardin, d\u00e9gustation des produits (visite du jardin + \u00e9picerie env. 90 minutes au total). Visites sp\u00e9ciales possibles sur demande Prix d\u2019entr\u00e9e [&hellip;]<\/p>\n","protected":false},"author":1,"featured_media":0,"parent":9,"menu_order":0,"comment_status":"closed","ping_status":"closed","template":"","meta":{"_acf_changed":false,"footnotes":""},"class_list":["post-13","page","type-page","status-publish","hentry"],"acf":[],"_links":{"self":[{"href":"https:\/\/polz-garten.at\/fr\/wp-json\/wp\/v2\/pages\/13","targetHints":{"allow":["GET"]}}],"collection":[{"href":"https:\/\/polz-garten.at\/fr\/wp-json\/wp\/v2\/pages"}],"about":[{"href":"https:\/\/polz-garten.at\/fr\/wp-json\/wp\/v2\/types\/page"}],"author":[{"embeddable":true,"href":"https:\/\/polz-garten.at\/fr\/wp-json\/wp\/v2\/users\/1"}],"replies":[{"embeddable":true,"href":"https:\/\/polz-garten.at\/fr\/wp-json\/wp\/v2\/comments?post=13"}],"version-history":[{"count":12,"href":"https:\/\/polz-garten.at\/fr\/wp-json\/wp\/v2\/pages\/13\/revisions"}],"predecessor-version":[{"id":210,"href":"https:\/\/polz-garten.at\/fr\/wp-json\/wp\/v2\/pages\/13\/revisions\/210"}],"up":[{"embeddable":true,"href":"https:\/\/polz-garten.at\/fr\/wp-json\/wp\/v2\/pages\/9"}],"wp:attachment":[{"href":"https:\/\/polz-garten.at\/fr\/wp-json\/wp\/v2\/media?parent=13"}],"curies":[{"name":"wp","href":"https:\/\/api.w.org\/{rel}","templated":true}]}}