{"id":102,"date":"2018-02-27T13:13:10","date_gmt":"2018-02-27T12:13:10","guid":{"rendered":"https:\/\/polz-garten.at\/fr\/?page_id=102"},"modified":"2018-02-28T12:56:19","modified_gmt":"2018-02-28T11:56:19","slug":"corps-ame","status":"publish","type":"page","link":"https:\/\/polz-garten.at\/fr\/corps-ame\/","title":{"rendered":"Corps &amp; \u00c2me"},"content":{"rendered":"<div id=\"content\">\n<div id=\"primarycontent\">\n<p><img loading=\"lazy\" decoding=\"async\" class=\"alignnone wp-image-111 size-full\" src=\"https:\/\/polz-garten.at\/fr\/wp-content\/uploads\/sites\/4\/2018\/02\/treatment-1327811_960_720.jpg\" alt=\"\" width=\"960\" height=\"637\" srcset=\"https:\/\/polz-garten.at\/fr\/wp-content\/uploads\/sites\/4\/2018\/02\/treatment-1327811_960_720.jpg 960w, https:\/\/polz-garten.at\/fr\/wp-content\/uploads\/sites\/4\/2018\/02\/treatment-1327811_960_720-300x199.jpg 300w, https:\/\/polz-garten.at\/fr\/wp-content\/uploads\/sites\/4\/2018\/02\/treatment-1327811_960_720-768x510.jpg 768w\" sizes=\"auto, (max-width: 960px) 100vw, 960px\" \/><\/p>\n<p>SENSIBILIT\u00c9 ET INFLUENCE<\/p>\n<h1>Tetralemma &amp; Constellation Syst\u00e9mique \u00a0et Familiale<\/h1>\n<h2>Sessions individuelles<\/h2>\n<p><b>Evolutions et d\u00e9cisions en \u00e9quilibre<\/b><\/p>\n<ul>\n<li>Le huit couch\u00e9, m\u00e9taphore pour une aide \u00e0 la d\u00e9cision.<\/li>\n<li>Le huit couch\u00e9, symbole de l\u2019infini.<\/li>\n<\/ul>\n<p>Le stress est la source de presque tous nos probl\u00e8mes. Il nous rend malade, il sape notre performance et nous prive de notre \u00e9nergie. On voit la vie sous un aspect n\u00e9gatif uniquement, nos t\u00e2ches habituelles deviennent insurmontables.<\/p>\n<p><b>Constellation familiale en session individuelle selon la m\u00e9thode<\/b>\u00a0Tetralemma, travail avec le\u00a0<b>Healing Code.<\/b><br \/>\n<b>M\u00e9ditation attentive :<\/b>\u00a0Physique spirituelle en boucle de huit couch\u00e9.<\/p>\n<p><b>Outil \u00e9nerg\u00e9tique :<\/b>\u00a0Rien d\u2019\u00e9trange, mystique ou \u00e9sot\u00e9rique mais le physique qui compte.<\/p>\n<p>Mon travail de\u00a0<b>Business Coach &amp; Quantum Entrainment<\/b><\/p>\n<p>Car c\u2019est le r\u00e9sultat qui compte.<\/p>\n<p><b>Tetralemma\u00a0<\/b>est la m\u00e9thode de choix lorsqu\u2019il s\u2019agit de surmonter la stagnation mentale et de promouvoir la pens\u00e9e lat\u00e9rale.<\/p>\n<p><b>Constellations syst\u00e9miques et familiales en session INDIVIDUELLE<\/b><\/p>\n<ul>\n<li>R\u00e9duire le stress, rester centr\u00e9 sur soi-m\u00eame<\/li>\n<li>Savoir ce qui est important pour moi dans la vie<\/li>\n<li>Reconna\u00eetre ses propres forces et faiblesses<\/li>\n<li>Reconna\u00eetre ses besoins individuels<\/li>\n<li>Revivre la col\u00e8re et le deuil<\/li>\n<li>Intervention de crise, soutien en phase de deuil<\/li>\n<li>Nature et spiritualit\u00e9<\/li>\n<li>Constellations syst\u00e9miques et structurelles\/organisationnelles<\/li>\n<li>Agents stresseurs au travail<\/li>\n<li>Anxi\u00e9t\u00e9, secrets de famille<\/li>\n<li>Strat\u00e9gies de r\u00e9solution<\/li>\n<\/ul>\n<\/div>\n<div id=\"secondarycontent\"><\/div>\n<\/div>\n","protected":false},"excerpt":{"rendered":"<p>SENSIBILIT\u00c9 ET INFLUENCE Tetralemma &amp; Constellation Syst\u00e9mique \u00a0et Familiale Sessions individuelles Evolutions et d\u00e9cisions en \u00e9quilibre Le huit couch\u00e9, m\u00e9taphore pour une aide \u00e0 la d\u00e9cision. Le huit couch\u00e9, symbole de l\u2019infini. Le stress est la source de presque tous nos probl\u00e8mes. Il nous rend malade, il sape notre performance et nous prive de notre [&hellip;]<\/p>\n","protected":false},"author":1,"featured_media":0,"parent":0,"menu_order":0,"comment_status":"closed","ping_status":"closed","template":"","meta":{"_acf_changed":false,"footnotes":""},"class_list":["post-102","page","type-page","status-publish","hentry"],"acf":[],"_links":{"self":[{"href":"https:\/\/polz-garten.at\/fr\/wp-json\/wp\/v2\/pages\/102","targetHints":{"allow":["GET"]}}],"collection":[{"href":"https:\/\/polz-garten.at\/fr\/wp-json\/wp\/v2\/pages"}],"about":[{"href":"https:\/\/polz-garten.at\/fr\/wp-json\/wp\/v2\/types\/page"}],"author":[{"embeddable":true,"href":"https:\/\/polz-garten.at\/fr\/wp-json\/wp\/v2\/users\/1"}],"replies":[{"embeddable":true,"href":"https:\/\/polz-garten.at\/fr\/wp-json\/wp\/v2\/comments?post=102"}],"version-history":[{"count":3,"href":"https:\/\/polz-garten.at\/fr\/wp-json\/wp\/v2\/pages\/102\/revisions"}],"predecessor-version":[{"id":113,"href":"https:\/\/polz-garten.at\/fr\/wp-json\/wp\/v2\/pages\/102\/revisions\/113"}],"wp:attachment":[{"href":"https:\/\/polz-garten.at\/fr\/wp-json\/wp\/v2\/media?parent=102"}],"curies":[{"name":"wp","href":"https:\/\/api.w.org\/{rel}","templated":true}]}}